{"id":32,"date":"2020-04-13T11:18:50","date_gmt":"2020-04-13T11:18:50","guid":{"rendered":"https:\/\/tomcontinuo.com.br\/index.php\/services\/"},"modified":"2024-01-18T07:26:15","modified_gmt":"2024-01-18T10:26:15","slug":"services","status":"publish","type":"page","link":"https:\/\/tomcontinuo.com.br\/index.php\/services\/","title":{"rendered":"Servi\u00e7os"},"content":{"rendered":"\t\t<div data-elementor-type=\"wp-page\" data-elementor-id=\"32\" class=\"elementor elementor-32\">\n\t\t\t\t<div class=\"elementor-element elementor-element-632a7fa e-flex e-con-boxed e-con e-parent\" data-id=\"632a7fa\" data-element_type=\"container\" data-settings=\"{&quot;background_background&quot;:&quot;classic&quot;}\">\n\t\t\t\t\t<div class=\"e-con-inner\">\n\t\t<div class=\"elementor-element elementor-element-868c7c6 e-con-full e-flex e-con e-child\" data-id=\"868c7c6\" data-element_type=\"container\">\n\t\t\t\t<div class=\"elementor-element elementor-element-735da12 elementor-widget elementor-widget-heading\" data-id=\"735da12\" data-element_type=\"widget\" data-widget_type=\"heading.default\">\n\t\t\t\t<div class=\"elementor-widget-container\">\n\t\t\t\t\t<h1 class=\"elementor-heading-title elementor-size-default\">Servi\u00e7os<\/h1>\t\t\t\t<\/div>\n\t\t\t\t<\/div>\n\t\t\t\t<\/div>\n\t\t\t\t\t<\/div>\n\t\t\t\t<\/div>\n\t\t<div class=\"elementor-element elementor-element-27d9087 e-flex e-con-boxed e-con e-parent\" data-id=\"27d9087\" data-element_type=\"container\">\n\t\t\t\t\t<div class=\"e-con-inner\">\n\t\t<div class=\"elementor-element elementor-element-1bb4ead e-con-full e-flex e-con e-child\" data-id=\"1bb4ead\" data-element_type=\"container\">\n\t\t\t\t<div class=\"elementor-element elementor-element-9c40c94 elementor-widget elementor-widget-image-box\" data-id=\"9c40c94\" data-element_type=\"widget\" data-widget_type=\"image-box.default\">\n\t\t\t\t<div class=\"elementor-widget-container\">\n\t\t\t\t\t<div class=\"elementor-image-box-wrapper\"><div class=\"elementor-image-box-content\"><h2 class=\"elementor-image-box-title\"><span style=\"color: var(--ast-global-color-2); font-size: 1.75rem;\">Sublima\u00e7\u00e3o Digital<\/span><\/h2><p class=\"elementor-image-box-description\"><span style=\"color: rgb(51, 51, 51); font-family: -apple-system, BlinkMacSystemFont, &quot;Segoe UI&quot;, Roboto, Oxygen-Sans, Ubuntu, Cantarell, &quot;Helvetica Neue&quot;, sans-serif; font-size: 15px; white-space-collapse: collapse;\">Contamos com plotters digitais de alta resolu\u00e7\u00e3o com excelente custo x benef\u00edcio. A impress\u00e3o digital de papel transfer \u00e9 ideal para grandes formatos e podem ser produzidas em todas as quantidades. A Tom Cont\u00ednuo imprime em folhas sublim\u00e1ticas, respeitando as diretrizes dos clientes, com fidelidade de cores para clientes exigentes que prezam pelo m\u00e1ximo de qualidade.<\/span><br>(Largura m\u00e1xima de 1,85 metros .)<\/p><\/div><\/div>\t\t\t\t<\/div>\n\t\t\t\t<\/div>\n\t\t\t\t<div class=\"elementor-element elementor-element-e3c42ac elementor-widget elementor-widget-button\" data-id=\"e3c42ac\" data-element_type=\"widget\" data-widget_type=\"button.default\">\n\t\t\t\t<div class=\"elementor-widget-container\">\n\t\t\t\t\t\t\t\t\t<div class=\"elementor-button-wrapper\">\n\t\t\t\t\t<a class=\"elementor-button elementor-button-link elementor-size-sm\" href=\"#\">\n\t\t\t\t\t\t<span class=\"elementor-button-content-wrapper\">\n\t\t\t\t\t\t\t\t\t<span class=\"elementor-button-text\">Contato<\/span>\n\t\t\t\t\t<\/span>\n\t\t\t\t\t<\/a>\n\t\t\t\t<\/div>\n\t\t\t\t\t\t\t\t<\/div>\n\t\t\t\t<\/div>\n\t\t\t\t<\/div>\n\t\t<div class=\"elementor-element elementor-element-11f63ad e-con-full e-flex e-con e-child\" data-id=\"11f63ad\" data-element_type=\"container\">\n\t\t\t\t<div class=\"elementor-element elementor-element-f6ecc00 elementor-widget elementor-widget-image\" data-id=\"f6ecc00\" data-element_type=\"widget\" data-widget_type=\"image.default\">\n\t\t\t\t<div class=\"elementor-widget-container\">\n\t\t\t\t\t\t\t\t\t\t\t\t\t\t\t<img fetchpriority=\"high\" decoding=\"async\" width=\"669\" height=\"447\" src=\"https:\/\/tomcontinuo.com.br\/wp-content\/uploads\/2024\/01\/mod.jpg\" class=\"attachment-large size-large wp-image-1146\" alt=\"\" srcset=\"https:\/\/tomcontinuo.com.br\/wp-content\/uploads\/2024\/01\/mod.jpg 669w, https:\/\/tomcontinuo.com.br\/wp-content\/uploads\/2024\/01\/mod-300x200.jpg 300w\" sizes=\"(max-width: 669px) 100vw, 669px\" \/>\t\t\t\t\t\t\t\t\t\t\t\t\t\t\t<\/div>\n\t\t\t\t<\/div>\n\t\t\t\t<\/div>\n\t\t\t\t\t<\/div>\n\t\t\t\t<\/div>\n\t\t<div class=\"elementor-element elementor-element-7e9b5b2 e-flex e-con-boxed e-con e-parent\" data-id=\"7e9b5b2\" data-element_type=\"container\">\n\t\t\t\t\t<div class=\"e-con-inner\">\n\t\t<div class=\"elementor-element elementor-element-c6a54c4 e-con-full e-flex e-con e-child\" data-id=\"c6a54c4\" data-element_type=\"container\">\n\t\t\t\t<div class=\"elementor-element elementor-element-c880b4e elementor-widget elementor-widget-image\" data-id=\"c880b4e\" data-element_type=\"widget\" data-widget_type=\"image.default\">\n\t\t\t\t<div class=\"elementor-widget-container\">\n\t\t\t\t\t\t\t\t\t\t\t\t\t\t\t<img decoding=\"async\" width=\"706\" height=\"425\" src=\"https:\/\/tomcontinuo.com.br\/wp-content\/uploads\/2024\/01\/Sem-Titulo-1_19.png\" class=\"attachment-large size-large wp-image-1143\" alt=\"\" srcset=\"https:\/\/tomcontinuo.com.br\/wp-content\/uploads\/2024\/01\/Sem-Titulo-1_19.png 706w, https:\/\/tomcontinuo.com.br\/wp-content\/uploads\/2024\/01\/Sem-Titulo-1_19-300x181.png 300w\" sizes=\"(max-width: 706px) 100vw, 706px\" \/>\t\t\t\t\t\t\t\t\t\t\t\t\t\t\t<\/div>\n\t\t\t\t<\/div>\n\t\t\t\t<\/div>\n\t\t<div class=\"elementor-element elementor-element-0a70900 e-con-full e-flex e-con e-child\" data-id=\"0a70900\" data-element_type=\"container\">\n\t\t\t\t<div class=\"elementor-element elementor-element-7370a36 elementor-widget elementor-widget-image-box\" data-id=\"7370a36\" data-element_type=\"widget\" data-widget_type=\"image-box.default\">\n\t\t\t\t<div class=\"elementor-widget-container\">\n\t\t\t\t\t<div class=\"elementor-image-box-wrapper\"><div class=\"elementor-image-box-content\"><h2 class=\"elementor-image-box-title\"><span style=\"color: rgb(0, 0, 0); font-family: Lato, sans-serif; font-size: 36px; white-space-collapse: collapse;\">Estamparia em Rolo<\/span><\/h2><p class=\"elementor-image-box-description\"><span style=\"color: rgb(51, 51, 51); font-family: -apple-system, BlinkMacSystemFont, &quot;Segoe UI&quot;, Roboto, Oxygen-Sans, Ubuntu, Cantarell, &quot;Helvetica Neue&quot;, sans-serif; font-size: 15px; white-space-collapse: collapse;\">Calandras rotativas que transferem estampas em rolos de tecidos. Esta t\u00e9cnica de sublima\u00e7\u00e3o, tamb\u00e9m conhecida como estampa cont\u00ednua. Na Tom Cont\u00ednuo, o m\u00e9todo utilizado de transfer\u00eancia da imagem do papel sublim\u00e1tico para o tecido possibilita encaixes perfeitos e claro, alt\u00edssima fidelidade de cores. A estamparia rotativa \u00e9 recomendada para grandes formatos, pois permite melhor aproveitamento do tecido e reduz, significativamente, os custos operacionais.<\/span><br>(Largura m\u00e1xima de 1,85 metros.)<\/p><\/div><\/div>\t\t\t\t<\/div>\n\t\t\t\t<\/div>\n\t\t\t\t<div class=\"elementor-element elementor-element-e4306f3 elementor-widget elementor-widget-button\" data-id=\"e4306f3\" data-element_type=\"widget\" data-widget_type=\"button.default\">\n\t\t\t\t<div class=\"elementor-widget-container\">\n\t\t\t\t\t\t\t\t\t<div class=\"elementor-button-wrapper\">\n\t\t\t\t\t<a class=\"elementor-button elementor-button-link elementor-size-sm\" href=\"#\">\n\t\t\t\t\t\t<span class=\"elementor-button-content-wrapper\">\n\t\t\t\t\t\t\t\t\t<span class=\"elementor-button-text\">Contato<\/span>\n\t\t\t\t\t<\/span>\n\t\t\t\t\t<\/a>\n\t\t\t\t<\/div>\n\t\t\t\t\t\t\t\t<\/div>\n\t\t\t\t<\/div>\n\t\t\t\t<\/div>\n\t\t\t\t\t<\/div>\n\t\t\t\t<\/div>\n\t\t<div class=\"elementor-element elementor-element-7ec7c6b e-flex e-con-boxed e-con e-parent\" data-id=\"7ec7c6b\" data-element_type=\"container\">\n\t\t\t\t\t<div class=\"e-con-inner\">\n\t\t<div class=\"elementor-element elementor-element-d1ba4fb e-con-full e-flex e-con e-child\" data-id=\"d1ba4fb\" data-element_type=\"container\">\n\t\t\t\t<div class=\"elementor-element elementor-element-3de6e68 elementor-widget elementor-widget-button\" data-id=\"3de6e68\" data-element_type=\"widget\" data-widget_type=\"button.default\">\n\t\t\t\t<div class=\"elementor-widget-container\">\n\t\t\t\t\t\t\t\t\t<div class=\"elementor-button-wrapper\">\n\t\t\t\t\t<a class=\"elementor-button elementor-button-link elementor-size-sm\" href=\"#\">\n\t\t\t\t\t\t<span class=\"elementor-button-content-wrapper\">\n\t\t\t\t\t\t\t\t\t<span class=\"elementor-button-text\">Contato<\/span>\n\t\t\t\t\t<\/span>\n\t\t\t\t\t<\/a>\n\t\t\t\t<\/div>\n\t\t\t\t\t\t\t\t<\/div>\n\t\t\t\t<\/div>\n\t\t\t\t<div class=\"elementor-element elementor-element-ac4b140 elementor-widget elementor-widget-image-box\" data-id=\"ac4b140\" data-element_type=\"widget\" data-widget_type=\"image-box.default\">\n\t\t\t\t<div class=\"elementor-widget-container\">\n\t\t\t\t\t<div class=\"elementor-image-box-wrapper\"><div class=\"elementor-image-box-content\"><h2 class=\"elementor-image-box-title\">Brinquedos e Promocional<\/h2><p class=\"elementor-image-box-description\"><span style=\"color: rgb(51, 51, 51); font-family: -apple-system, BlinkMacSystemFont, &quot;Segoe UI&quot;, Roboto, Oxygen-Sans, Ubuntu, Cantarell, &quot;Helvetica Neue&quot;, sans-serif; font-size: 18px; white-space-collapse: collapse;\">Muitos produtos podem ser estampados com imagens mais ni\u0301tidas e adquirem cores vivas e permanentes com o processo de sublimac\u0327a\u0303o, embelezando-os ainda mais. Com uma ampla oferta de materiais de base sinte\u0301tica sublima\u0301vel abrem-se novas possibilidades para criac\u0327a\u0303o de brinquedos, fantasias, bolsas, sacolas, carrinhos de bebe\u0302, mochilas e uma vasta gama de produtos.&nbsp;<\/span><br>(Largura m\u00e1xima de 1,85 metros.)<\/p><\/div><\/div>\t\t\t\t<\/div>\n\t\t\t\t<\/div>\n\t\t\t\t<\/div>\n\t\t<div class=\"elementor-element elementor-element-9c33f81 e-con-full e-flex e-con e-child\" data-id=\"9c33f81\" data-element_type=\"container\">\n\t\t\t\t<div class=\"elementor-element elementor-element-08c0a55 elementor-widget elementor-widget-image\" data-id=\"08c0a55\" data-element_type=\"widget\" data-widget_type=\"image.default\">\n\t\t\t\t<div class=\"elementor-widget-container\">\n\t\t\t\t\t\t\t\t\t\t\t\t\t\t\t<img decoding=\"async\" width=\"668\" height=\"530\" src=\"https:\/\/tomcontinuo.com.br\/wp-content\/uploads\/2024\/01\/alm.jpg\" class=\"attachment-large size-large wp-image-1147\" alt=\"\" srcset=\"https:\/\/tomcontinuo.com.br\/wp-content\/uploads\/2024\/01\/alm.jpg 668w, https:\/\/tomcontinuo.com.br\/wp-content\/uploads\/2024\/01\/alm-300x238.jpg 300w\" sizes=\"(max-width: 668px) 100vw, 668px\" \/>\t\t\t\t\t\t\t\t\t\t\t\t\t\t\t<\/div>\n\t\t\t\t<\/div>\n\t\t\t\t<\/div>\n\t\t\t\t\t<\/div>\n\t\t\t\t<\/div>\n\t\t<div class=\"elementor-element elementor-element-df598e7 e-con-full e-flex e-con e-parent\" data-id=\"df598e7\" data-element_type=\"container\">\n\t\t<div class=\"elementor-element elementor-element-9137f4a e-con-full e-flex e-con e-child\" data-id=\"9137f4a\" data-element_type=\"container\">\n\t\t\t\t<div class=\"elementor-element elementor-element-65aca05 elementor-widget elementor-widget-google_maps\" data-id=\"65aca05\" data-element_type=\"widget\" data-widget_type=\"google_maps.default\">\n\t\t\t\t<div class=\"elementor-widget-container\">\n\t\t\t\t\t\t\t<div class=\"elementor-custom-embed\">\n\t\t\t<iframe loading=\"lazy\"\n\t\t\t\t\tsrc=\"https:\/\/maps.google.com\/maps?q=R.%20Frederico%20Petruski%2C%20984%20-%20Guarani%2C%20Brusque%20-%20SC%2C%2088350-610&#038;t=m&#038;z=14&#038;output=embed&#038;iwloc=near\"\n\t\t\t\t\ttitle=\"R. Frederico Petruski, 984 - Guarani, Brusque - SC, 88350-610\"\n\t\t\t\t\taria-label=\"R. Frederico Petruski, 984 - Guarani, Brusque - SC, 88350-610\"\n\t\t\t><\/iframe>\n\t\t<\/div>\n\t\t\t\t\t\t<\/div>\n\t\t\t\t<\/div>\n\t\t\t\t<\/div>\n\t\t\t\t<\/div>\n\t\t\t\t<\/div>\n\t\t","protected":false},"excerpt":{"rendered":"<p>Servi\u00e7os Sublima\u00e7\u00e3o Digital Contamos com plotters digitais de alta resolu\u00e7\u00e3o com excelente custo x benef\u00edcio. A impress\u00e3o digital de papel transfer \u00e9 ideal para grandes formatos e podem ser produzidas em todas as quantidades. A Tom Cont\u00ednuo imprime em folhas sublim\u00e1ticas, respeitando as diretrizes dos clientes, com fidelidade de cores para clientes exigentes que prezam &hellip;<\/p>\n<p class=\"read-more\"> <a class=\"\" href=\"https:\/\/tomcontinuo.com.br\/index.php\/services\/\"> <span class=\"screen-reader-text\">Servi\u00e7os<\/span> Read More &raquo;<\/a><\/p>\n","protected":false},"author":1,"featured_media":0,"parent":0,"menu_order":0,"comment_status":"closed","ping_status":"closed","template":"","meta":{"_monsterinsights_skip_tracking":false,"_monsterinsights_sitenote_active":false,"_monsterinsights_sitenote_note":"","_monsterinsights_sitenote_category":0,"_uf_show_specific_survey":0,"_uf_disable_surveys":false,"site-sidebar-layout":"no-sidebar","site-content-layout":"page-builder","ast-site-content-layout":"","site-content-style":"default","site-sidebar-style":"default","ast-global-header-display":"","ast-banner-title-visibility":"","ast-main-header-display":"","ast-hfb-above-header-display":"","ast-hfb-below-header-display":"","ast-hfb-mobile-header-display":"","site-post-title":"disabled","ast-breadcrumbs-content":"","ast-featured-img":"","footer-sml-layout":"","theme-transparent-header-meta":"enabled","adv-header-id-meta":"","stick-header-meta":"","header-above-stick-meta":"","header-main-stick-meta":"","header-below-stick-meta":"","astra-migrate-meta-layouts":"default","ast-page-background-enabled":"default","ast-page-background-meta":{"desktop":{"background-color":"","background-image":"","background-repeat":"repeat","background-position":"center center","background-size":"auto","background-attachment":"scroll","background-type":"","background-media":"","overlay-type":"","overlay-color":"","overlay-gradient":""},"tablet":{"background-color":"","background-image":"","background-repeat":"repeat","background-position":"center center","background-size":"auto","background-attachment":"scroll","background-type":"","background-media":"","overlay-type":"","overlay-color":"","overlay-gradient":""},"mobile":{"background-color":"","background-image":"","background-repeat":"repeat","background-position":"center center","background-size":"auto","background-attachment":"scroll","background-type":"","background-media":"","overlay-type":"","overlay-color":"","overlay-gradient":""}},"ast-content-background-meta":{"desktop":{"background-color":"var(--ast-global-color-5)","background-image":"","background-repeat":"repeat","background-position":"center center","background-size":"auto","background-attachment":"scroll","background-type":"","background-media":"","overlay-type":"","overlay-color":"","overlay-gradient":""},"tablet":{"background-color":"var(--ast-global-color-5)","background-image":"","background-repeat":"repeat","background-position":"center center","background-size":"auto","background-attachment":"scroll","background-type":"","background-media":"","overlay-type":"","overlay-color":"","overlay-gradient":""},"mobile":{"background-color":"var(--ast-global-color-5)","background-image":"","background-repeat":"repeat","background-position":"center center","background-size":"auto","background-attachment":"scroll","background-type":"","background-media":"","overlay-type":"","overlay-color":"","overlay-gradient":""}},"footnotes":""},"aioseo_notices":[],"_links":{"self":[{"href":"https:\/\/tomcontinuo.com.br\/index.php\/wp-json\/wp\/v2\/pages\/32"}],"collection":[{"href":"https:\/\/tomcontinuo.com.br\/index.php\/wp-json\/wp\/v2\/pages"}],"about":[{"href":"https:\/\/tomcontinuo.com.br\/index.php\/wp-json\/wp\/v2\/types\/page"}],"author":[{"embeddable":true,"href":"https:\/\/tomcontinuo.com.br\/index.php\/wp-json\/wp\/v2\/users\/1"}],"replies":[{"embeddable":true,"href":"https:\/\/tomcontinuo.com.br\/index.php\/wp-json\/wp\/v2\/comments?post=32"}],"version-history":[{"count":16,"href":"https:\/\/tomcontinuo.com.br\/index.php\/wp-json\/wp\/v2\/pages\/32\/revisions"}],"predecessor-version":[{"id":1246,"href":"https:\/\/tomcontinuo.com.br\/index.php\/wp-json\/wp\/v2\/pages\/32\/revisions\/1246"}],"wp:attachment":[{"href":"https:\/\/tomcontinuo.com.br\/index.php\/wp-json\/wp\/v2\/media?parent=32"}],"curies":[{"name":"wp","href":"https:\/\/api.w.org\/{rel}","templated":true}]}}